{"id":111,"date":"2015-02-18T15:31:21","date_gmt":"2015-02-18T15:31:21","guid":{"rendered":"http:\/\/asv-sumte.de\/?page_id=111"},"modified":"2017-12-11T09:19:11","modified_gmt":"2017-12-11T09:19:11","slug":"besondere-bestimmungen","status":"publish","type":"page","link":"https:\/\/asv-sumte.de\/?page_id=111","title":{"rendered":"Besondere Bestimmungen"},"content":{"rendered":"<p>&#8211; Die Verwendung von Wasserfahrzeugen zur Angelfischerei ist nur nach Absprache mit dem Verein zul\u00e4ssig.<br \/>\n&#8211; Es sind nur \u00f6ffentliche Wege zu benutzen, die Gr\u00fcnfl\u00e4chen und Ackerfl\u00e4chen zu schonen und der Angelplatz ist sauber zu verlassen.<br \/>\n&#8211; Der Fischereierlaubnisscheininhaber darf h\u00f6chstens drei Handangeln verwenden. Davon ist eine Raubfischangel zul\u00e4ssig.<br \/>\n&#8211; Ausgelegte Handangeln sind w\u00e4hrend des Angelns st\u00e4ndig zu beaufsichtigen.<br \/>\n&#8211; Beim Einsatz der Handangel als Friedfischangel ist die Verwendung von bis zu zwei einschenkligen Haken zul\u00e4ssig.<br \/>\n&#8211; Verwendete k\u00fcnstliche K\u00f6der oder K\u00f6dersysteme k\u00f6nnen mit bis zu drei Einfach-, Doppel- oder Drillingshaken best\u00fcckt sein.<br \/>\n&#8211; Die Anf\u00fctterung ist dem Fisch und der Gew\u00e4sserfl\u00e4che anzupassen. Wasserf\u00e4rbung und Futterfarben sind untersagt.<br \/>\n&#8211; Es ist die Entnahme von zwei Edelfischen pro\u00a0 Tag zul\u00e4ssig.<br \/>\n&#8211; Der Fischereierlaubnisschein ist nicht \u00fcbertragbar.<\/p>\n<p>Weitere Bestimmungen des Nieders\u00e4chsischen Fischereigesetzes und der Verordnung \u00fcber die Fischerei in Binnengew\u00e4ssern (Binnenfischereiordnung) bleiben unber\u00fchrt.<br \/>\nBei Zuwiederhandlungen ist der Fischereiaufseher berechtigt, Angelger\u00e4t sicherzustellen und die Angelberechtigung bis zur Kl\u00e4rung einzuziehen.<\/p>\n","protected":false},"excerpt":{"rendered":"<p>&#8211; Die Verwendung von Wasserfahrzeugen zur Angelfischerei ist nur nach Absprache mit dem Verein zul\u00e4ssig. &#8211; Es sind nur \u00f6ffentliche Wege zu benutzen, die Gr\u00fcnfl\u00e4chen und Ackerfl\u00e4chen zu schonen und <a class=\"more-link\" href=\"https:\/\/asv-sumte.de\/?page_id=111\">Continue Reading &rarr;<\/a><\/p>\n","protected":false},"author":1,"featured_media":0,"parent":0,"menu_order":0,"comment_status":"closed","ping_status":"closed","template":"","meta":{"footnotes":""},"class_list":["post-111","page","type-page","status-publish","hentry"],"_links":{"self":[{"href":"https:\/\/asv-sumte.de\/index.php?rest_route=\/wp\/v2\/pages\/111","targetHints":{"allow":["GET"]}}],"collection":[{"href":"https:\/\/asv-sumte.de\/index.php?rest_route=\/wp\/v2\/pages"}],"about":[{"href":"https:\/\/asv-sumte.de\/index.php?rest_route=\/wp\/v2\/types\/page"}],"author":[{"embeddable":true,"href":"https:\/\/asv-sumte.de\/index.php?rest_route=\/wp\/v2\/users\/1"}],"replies":[{"embeddable":true,"href":"https:\/\/asv-sumte.de\/index.php?rest_route=%2Fwp%2Fv2%2Fcomments&post=111"}],"version-history":[{"count":3,"href":"https:\/\/asv-sumte.de\/index.php?rest_route=\/wp\/v2\/pages\/111\/revisions"}],"predecessor-version":[{"id":173,"href":"https:\/\/asv-sumte.de\/index.php?rest_route=\/wp\/v2\/pages\/111\/revisions\/173"}],"wp:attachment":[{"href":"https:\/\/asv-sumte.de\/index.php?rest_route=%2Fwp%2Fv2%2Fmedia&parent=111"}],"curies":[{"name":"wp","href":"https:\/\/api.w.org\/{rel}","templated":true}]}}