{"id":2,"date":"2015-02-16T10:59:19","date_gmt":"2015-02-16T10:59:19","guid":{"rendered":"http:\/\/asv-sumte.de\/\/?page_id=2"},"modified":"2015-03-27T09:36:17","modified_gmt":"2015-03-27T09:36:17","slug":"beispiel-seite","status":"publish","type":"page","link":"https:\/\/asv-sumte.de\/","title":{"rendered":"Willkommen"},"content":{"rendered":"<p>Der Angelsportverein &#8222;Seerose&#8220; Sumte begr\u00fc\u00dft seine G\u00e4ste und Mitglieder.<\/p>\n<p>Auf dieser Seite findet Ihr die geplanten <a title=\"Termine\" href=\"http:\/\/asv-sumte.de\/?page_id=20\">Termine<\/a> f\u00fcr unsere Veranstalltungen, ein <a title=\"Gew\u00e4sser\" href=\"http:\/\/asv-sumte.de\/?page_id=27\">Gew\u00e4sserverzeichnis<\/a> und weitere Informationen.<br \/>\nDiese Seite befindet sich noch im Aufbau und wird regelm\u00e4ssig erweitert und aktualisiert.<\/p>\n<p>Wir w\u00fcnschen viel Spass beim Besuch auf unserer Seite.<\/p>\n<p>&nbsp;<\/p>\n","protected":false},"excerpt":{"rendered":"<p>Der Angelsportverein &#8222;Seerose&#8220; Sumte begr\u00fc\u00dft seine G\u00e4ste und Mitglieder. Auf dieser Seite findet Ihr die geplanten Termine f\u00fcr unsere Veranstalltungen, ein Gew\u00e4sserverzeichnis und weitere Informationen. Diese Seite befindet sich noch <a class=\"more-link\" href=\"https:\/\/asv-sumte.de\/\">Continue Reading &rarr;<\/a><\/p>\n","protected":false},"author":1,"featured_media":0,"parent":0,"menu_order":0,"comment_status":"open","ping_status":"open","template":"","meta":{"footnotes":""},"class_list":["post-2","page","type-page","status-publish","hentry"],"_links":{"self":[{"href":"https:\/\/asv-sumte.de\/index.php?rest_route=\/wp\/v2\/pages\/2","targetHints":{"allow":["GET"]}}],"collection":[{"href":"https:\/\/asv-sumte.de\/index.php?rest_route=\/wp\/v2\/pages"}],"about":[{"href":"https:\/\/asv-sumte.de\/index.php?rest_route=\/wp\/v2\/types\/page"}],"author":[{"embeddable":true,"href":"https:\/\/asv-sumte.de\/index.php?rest_route=\/wp\/v2\/users\/1"}],"replies":[{"embeddable":true,"href":"https:\/\/asv-sumte.de\/index.php?rest_route=%2Fwp%2Fv2%2Fcomments&post=2"}],"version-history":[{"count":6,"href":"https:\/\/asv-sumte.de\/index.php?rest_route=\/wp\/v2\/pages\/2\/revisions"}],"predecessor-version":[{"id":150,"href":"https:\/\/asv-sumte.de\/index.php?rest_route=\/wp\/v2\/pages\/2\/revisions\/150"}],"wp:attachment":[{"href":"https:\/\/asv-sumte.de\/index.php?rest_route=%2Fwp%2Fv2%2Fmedia&parent=2"}],"curies":[{"name":"wp","href":"https:\/\/api.w.org\/{rel}","templated":true}]}}